{"id":1332,"date":"2021-12-07T13:22:19","date_gmt":"2021-12-07T13:22:19","guid":{"rendered":"https:\/\/www.wallair.es\/contacto\/"},"modified":"2022-05-23T12:54:23","modified_gmt":"2022-05-23T12:54:23","slug":"contact","status":"publish","type":"page","link":"https:\/\/www.wallair.es\/fr\/contact\/","title":{"rendered":"Contact"},"content":{"rendered":"<div class=\"wpb-content-wrapper\"><p>[vc_row][vc_column]<div class=\"dfd-spacer-module\"  data-units=\"px\" data-wide_resolution=\"1280\" data-wide_size=\"60\" data-normal_resolution=\"1024\" data-normal_size=\"50\" data-tablet_resolution=\"800\" data-tablet_size=\"40\" data-mobile_resolution=\"480\" data-mobile_size=\"40\" style=\"height: 60px;\"><\/div>[\/vc_column][\/vc_row][vc_row dfd_row_responsive_enable=\u00a0\u00bbdfd-row-responsive-enable\u00a0\u00bb responsive_styles=\u00a0\u00bbmargin_left_tablet:20|margin_right_tablet:20|margin_left_mobile:20|margin_right_mobile:20&Prime;][vc_column offset=\u00a0\u00bbvc_col-lg-offset-2 vc_col-lg-8 vc_col-md-offset-1 vc_col-md-9&Prime;]<div class=\"dfd-heading-shortcode\"><div class=\"dfd-heading-module-wrap  text-center style_02 cr-animate-gen dfd-heading-69f892f8bd58a dfd-disable-resposive-headings\" id=\"dfd-heading-69f892f8bd58a\" data-animate-type = \"transition.fadeIn\" ><div class=\"inline-block\"><div class=\"dfd-heading-module\"><h2 class=\"widget-title dfd-title \" style=\"\">Pouvons-nous vous aider?<\/h2><\/div><\/div><\/div><script type=\"text\/javascript\">\r\n\t\t\t\t\t\t\t\t\t(function($) {\r\n\t\t\t\t\t\t\t\t\t\t$(\"head\").append(\"<style>.dfd-heading-69f892f8bd58a.dfd-heading-module-wrap .dfd-heading-module .dfd-heading-delimiter {margin-top:10px;margin-bottom:10px;}@media (max-width: 799px){.dfd-heading-69f892f8bd58a .dfd-title{font-size: 36px !important;line-height: 39px !important;}}<\/style>\");\r\n\t\t\t\t\t\t\t\t\t})(jQuery);\r\n\t\t\t\t\t\t\t\t<\/script><\/div><div class=\"dfd-spacer-module\"  data-units=\"px\" data-wide_resolution=\"1280\" data-wide_size=\"20\" data-normal_resolution=\"1024\" data-normal_size=\"20\" data-tablet_resolution=\"800\" data-tablet_size=\"10\" data-mobile_resolution=\"480\" data-mobile_size=\"10\" style=\"height: 20px;\"><\/div>\n<div class=\"wpcf7 no-js\" id=\"wpcf7-f1328-o1\" lang=\"fr-FR\" dir=\"ltr\" data-wpcf7-id=\"1328\">\n<div class=\"screen-reader-response\"><p role=\"status\" aria-live=\"polite\" aria-atomic=\"true\"><\/p> <ul><\/ul><\/div>\n<form action=\"\/fr\/wp-json\/wp\/v2\/pages\/1332#wpcf7-f1328-o1\" method=\"post\" class=\"wpcf7-form init\" aria-label=\"Formulaire de contact\" novalidate=\"novalidate\" data-status=\"init\">\n<fieldset class=\"hidden-fields-container\"><input type=\"hidden\" name=\"_wpcf7\" value=\"1328\" \/><input type=\"hidden\" name=\"_wpcf7_version\" value=\"6.1.5\" \/><input type=\"hidden\" name=\"_wpcf7_locale\" value=\"fr_FR\" \/><input type=\"hidden\" name=\"_wpcf7_unit_tag\" value=\"wpcf7-f1328-o1\" \/><input type=\"hidden\" name=\"_wpcf7_container_post\" value=\"0\" \/><input type=\"hidden\" name=\"_wpcf7_posted_data_hash\" value=\"\" \/>\n<\/fieldset>\n<div id=\"formHablamos\">\n\t<div style=\"float:left; width:100%;\">\n\t\t<div style=\"float:left; width:49%; margin-right:2%;\">\n\t\t\t<p><span class=\"wpcf7-form-control-wrap\" data-name=\"text-199\"><input size=\"40\" maxlength=\"400\" class=\"wpcf7-form-control wpcf7-text wpcf7-validates-as-required\" aria-required=\"true\" aria-invalid=\"false\" placeholder=\"Nom\" value=\"\" type=\"text\" name=\"text-199\" \/><\/span>\n\t\t\t<\/p>\n\t\t<\/div>\n\t\t<div style=\"float:right; width:49%;\">\n\t\t\t<p><span class=\"wpcf7-form-control-wrap\" data-name=\"text-200\"><input size=\"40\" maxlength=\"400\" class=\"wpcf7-form-control wpcf7-text wpcf7-validates-as-required\" aria-required=\"true\" aria-invalid=\"false\" placeholder=\"La soci\u00e9t\u00e9\" value=\"\" type=\"text\" name=\"text-200\" \/><\/span>\n\t\t\t<\/p>\n\t\t<\/div>\n\t<\/div>\n\t<div style=\"float:left; width:100%;\">\n\t\t<div style=\"float:left; width:49%; margin-right:2%;\">\n\t\t\t<p><span class=\"wpcf7-form-control-wrap\" data-name=\"tel-67\"><input size=\"40\" maxlength=\"400\" class=\"wpcf7-form-control wpcf7-tel wpcf7-validates-as-required wpcf7-text wpcf7-validates-as-tel\" aria-required=\"true\" aria-invalid=\"false\" placeholder=\"T\u00e9l\u00e9phone\" value=\"\" type=\"tel\" name=\"tel-67\" \/><\/span>\n\t\t\t<\/p>\n\t\t<\/div>\n\t\t<div style=\"float:right; width:49%;\">\n\t\t\t<p><span class=\"wpcf7-form-control-wrap\" data-name=\"email-281\"><input size=\"40\" maxlength=\"400\" class=\"wpcf7-form-control wpcf7-email wpcf7-validates-as-required wpcf7-text wpcf7-validates-as-email\" aria-required=\"true\" aria-invalid=\"false\" placeholder=\"E-mail\" value=\"\" type=\"email\" name=\"email-281\" \/><\/span>\n\t\t\t<\/p>\n\t\t<\/div>\n\t<\/div>\n\t<div style=\"float:left;width:100%; padding-top:12px;\">\n\t\t<p><span class=\"wpcf7-form-control-wrap\" data-name=\"Pais\"><select class=\"wpcf7-form-control wpcf7-select wpcf7-validates-as-required\" aria-required=\"true\" aria-invalid=\"false\" name=\"Pais\"><option value=\"Choisissez le pays\">Choisissez le pays<\/option><option value=\"Afghanistan\">Afghanistan<\/option><option value=\"Afrique Centrale\">Afrique Centrale<\/option><option value=\"Afrique du sud\">Afrique du sud<\/option><option value=\"Albanie\">Albanie<\/option><option value=\"Algerie\">Algerie<\/option><option value=\"Allemagne\">Allemagne<\/option><option value=\"Andorre\">Andorre<\/option><option value=\"Angola\">Angola<\/option><option value=\"Anguilla\">Anguilla<\/option><option value=\"Arabie Saoudite\">Arabie Saoudite<\/option><option value=\"Argentine\">Argentine<\/option><option value=\"Armenie\">Armenie<\/option><option value=\"Australie\">Australie<\/option><option value=\"Autriche\">Autriche<\/option><option value=\"Azerbaidjan\">Azerbaidjan<\/option><option value=\"Bahamas\">Bahamas<\/option><option value=\"Bangladesh\">Bangladesh<\/option><option value=\"Barbade\">Barbade<\/option><option value=\"Bahrein\">Bahrein<\/option><option value=\"Belgique\">Belgique<\/option><option value=\"Belize\">Belize<\/option><option value=\"Benin\">Benin<\/option><option value=\"Bermudes\">Bermudes<\/option><option value=\"Bielorussie\">Bielorussie<\/option><option value=\"Bolivie\">Bolivie<\/option><option value=\"Botswana\">Botswana<\/option><option value=\"Bhoutan\">Bhoutan<\/option><option value=\"Boznie Herzegovine\">Boznie Herzegovine<\/option><option value=\"Bresil\">Bresil<\/option><option value=\"Brunei\">Brunei<\/option><option value=\"Bulgarie\">Bulgarie<\/option><option value=\"Burkina Faso\">Burkina Faso<\/option><option value=\"Burundi\">Burundi<\/option><option value=\"Caiman\">Caiman<\/option><option value=\"Cambodge\">Cambodge<\/option><option value=\"Cameroun\">Cameroun<\/option><option value=\"Canada\">Canada<\/option><option value=\"Canaries\">Canaries<\/option><option value=\"Cap vert\">Cap vert<\/option><option value=\"Chili\">Chili<\/option><option value=\"Chine\">Chine<\/option><option value=\"Chypre\">Chypre<\/option><option value=\"Colombie\">Colombie<\/option><option value=\"Comores\">Comores<\/option><option value=\"Congo\">Congo<\/option><option value=\"Congo democratique\">Congo democratique<\/option><option value=\"Cook\">Cook<\/option><option value=\"Coree du Nord\">Coree du Nord<\/option><option value=\"Coree du Sud\">Coree du Sud<\/option><option value=\"Costa Rica\">Costa Rica<\/option><option value=\"Cote d&#039;Ivoire\">Cote d&#039;Ivoire<\/option><option value=\"Croatie\">Croatie<\/option><option value=\"Cuba\">Cuba<\/option><option value=\"Danemark\">Danemark<\/option><option value=\"Djibouti\">Djibouti<\/option><option value=\"Dominique\">Dominique<\/option><option value=\"Egypte\">Egypte<\/option><option value=\"Emirats Arabes Unis\">Emirats Arabes Unis<\/option><option value=\"Equateur\">Equateur<\/option><option value=\"Erythree\">Erythree<\/option><option value=\"Espagne\">Espagne<\/option><option value=\"Estonie\">Estonie<\/option><option value=\"Etats Unis\">Etats Unis<\/option><option value=\"Ethiopie\">Ethiopie<\/option><option value=\"Falkland\">Falkland<\/option><option value=\"Feroe\">Feroe<\/option><option value=\"Fidji\">Fidji<\/option><option value=\"Finlande\">Finlande<\/option><option value=\"France\">France<\/option><option value=\"Gabon\">Gabon<\/option><option value=\"Gambie\">Gambie<\/option><option value=\"Georgie\">Georgie<\/option><option value=\"Ghana\">Ghana<\/option><option value=\"Gibraltar\">Gibraltar<\/option><option value=\"Grece\">Grece<\/option><option value=\"Grenade\">Grenade<\/option><option value=\"Groenland\">Groenland<\/option><option value=\"Guadeloupe\">Guadeloupe<\/option><option value=\"Guam\">Guam<\/option><option value=\"Guatemala\">Guatemala<\/option><option value=\"Guernesey\">Guernesey<\/option><option value=\"Guinee\">Guinee<\/option><option value=\"Guinee Bissau\">Guinee Bissau<\/option><option value=\"Guinee equatoriale\">Guinee equatoriale<\/option><option value=\"Guyana\">Guyana<\/option><option value=\"Guyane Francaise\">Guyane Francaise<\/option><option value=\"Haiti\">Haiti<\/option><option value=\"Hawaii\">Hawaii<\/option><option value=\"Honduras\">Honduras<\/option><option value=\"Hong Kong\">Hong Kong<\/option><option value=\"Hongrie\">Hongrie<\/option><option value=\"Inde\">Inde<\/option><option value=\"Indonesie\">Indonesie<\/option><option value=\"Iran\">Iran<\/option><option value=\"Iraq\">Iraq<\/option><option value=\"Irlande\">Irlande<\/option><option value=\"Islande\">Islande<\/option><option value=\"Israel\">Israel<\/option><option value=\"Italie\">Italie<\/option><option value=\"Jamaique\">Jamaique<\/option><option value=\"Jan Mayen\">Jan Mayen<\/option><option value=\"Japon\">Japon<\/option><option value=\"Jersey\">Jersey<\/option><option value=\"Jordanie\">Jordanie<\/option><option value=\"Kazakhstan\">Kazakhstan<\/option><option value=\"Kenya\">Kenya<\/option><option value=\"Kirghizstan\">Kirghizstan<\/option><option value=\"Kiribati\">Kiribati<\/option><option value=\"Koweit\">Koweit<\/option><option value=\"Laos\">Laos<\/option><option value=\"Lesotho\">Lesotho<\/option><option value=\"Lettonie\">Lettonie<\/option><option value=\"Liban\">Liban<\/option><option value=\"Liberia\">Liberia<\/option><option value=\"Liechtenstein\">Liechtenstein<\/option><option value=\"Lituanie\">Lituanie<\/option><option value=\"Luxembourg\">Luxembourg<\/option><option value=\"Lybie\">Lybie<\/option><option value=\"Macao\">Macao<\/option><option value=\"Macedoine\">Macedoine<\/option><option value=\"Madagascar\">Madagascar<\/option><option value=\"Mad\u00e8re\">Mad\u00e8re<\/option><option value=\"Malaisie\">Malaisie<\/option><option value=\"Malawi\">Malawi<\/option><option value=\"Maldives\">Maldives<\/option><option value=\"Mali\">Mali<\/option><option value=\"Malte\">Malte<\/option><option value=\"Mariannes du Nord\">Mariannes du Nord<\/option><option value=\"Maroc\">Maroc<\/option><option value=\"Marshall\">Marshall<\/option><option value=\"Martinique\">Martinique<\/option><option value=\"Maurice\">Maurice<\/option><option value=\"Mauritanie\">Mauritanie<\/option><option value=\"Mayotte\">Mayotte<\/option><option value=\"Mexique\">Mexique<\/option><option value=\"Micronesie\">Micronesie<\/option><option value=\"Moldavie\">Moldavie<\/option><option value=\"Monaco\">Monaco<\/option><option value=\"Mongolie\">Mongolie<\/option><option value=\"Montserrat\">Montserrat<\/option><option value=\"Mozambique\">Mozambique<\/option><option value=\"Namibie\">Namibie<\/option><option value=\"Nauru\">Nauru<\/option><option value=\"Nepal\">Nepal<\/option><option value=\"Nicaragua\">Nicaragua<\/option><option value=\"Niger\">Niger<\/option><option value=\"Nigeria\">Nigeria<\/option><option value=\"Niue\">Niue<\/option><option value=\"Norfolk\">Norfolk<\/option><option value=\"Norvege\">Norvege<\/option><option value=\"Nouvelle Caledonie\">Nouvelle Caledonie<\/option><option value=\"Nouvelle Zelande\">Nouvelle Zelande<\/option><option value=\"Oman\">Oman<\/option><option value=\"Ouganda\">Ouganda<\/option><option value=\"Ouzbekistan\">Ouzbekistan<\/option><option value=\"Pakistan\">Pakistan<\/option><option value=\"Palau\">Palau<\/option><option value=\"Palestine\">Palestine<\/option><option value=\"Panama\">Panama<\/option><option value=\"Papouasie Nouvelle Guinee\">Papouasie Nouvelle Guinee<\/option><option value=\"Paraguay\">Paraguay<\/option><option value=\"Pays Bas\">Pays Bas<\/option><option value=\"Perou\">Perou<\/option><option value=\"Philippines\">Philippines<\/option><option value=\"Pologne\">Pologne<\/option><option value=\"Polynesie\">Polynesie<\/option><option value=\"Porto Rico\">Porto Rico<\/option><option value=\"Portugal\">Portugal<\/option><option value=\"Qatar\">Qatar<\/option><option value=\"Republique Dominicaine\">Republique Dominicaine<\/option><option value=\"Republique Tcheque\">Republique Tcheque<\/option><option value=\"Reunion\">Reunion<\/option><option value=\"Roumanie\">Roumanie<\/option><option value=\"Russie\">Russie<\/option><option value=\"Rwanda\">Rwanda<\/option><option value=\"Sahara Occidental\">Sahara Occidental<\/option><option value=\"Sainte Lucie\">Sainte Lucie<\/option><option value=\"Saint Marin\">Saint Marin<\/option><option value=\"Salomon\">Salomon<\/option><option value=\"Salvador\">Salvador<\/option><option value=\"Samoa Occidentales\">Samoa Occidentales<\/option><option value=\"Samoa Americaine\">Samoa Americaine<\/option><option value=\"Sao Tome et Principe\">Sao Tome et Principe<\/option><option value=\"Senegal\">Senegal<\/option><option value=\"Seychelles\">Seychelles<\/option><option value=\"Sierra Leone\">Sierra Leone<\/option><option value=\"Singapour\">Singapour<\/option><option value=\"Slovaquie\">Slovaquie<\/option><option value=\"Slovenie\">Slovenie<\/option><option value=\"Somalie\">Somalie<\/option><option value=\"Soudan\">Soudan<\/option><option value=\"Sri Lanka\">Sri Lanka<\/option><option value=\"Suede\">Suede<\/option><option value=\"Suisse\">Suisse<\/option><option value=\"Surinam\">Surinam<\/option><option value=\"Swaziland\">Swaziland<\/option><option value=\"Syrie\">Syrie<\/option><option value=\"Tadjikistan\">Tadjikistan<\/option><option value=\"Taiwan\">Taiwan<\/option><option value=\"Tonga\">Tonga<\/option><option value=\"Tanzanie\">Tanzanie<\/option><option value=\"Tchad\">Tchad<\/option><option value=\"Thailande\">Thailande<\/option><option value=\"Tibet\">Tibet<\/option><option value=\"Timor Oriental\">Timor Oriental<\/option><option value=\"Togo\">Togo<\/option><option value=\"Trinite et Tobago\">Trinite et Tobago<\/option><option value=\"Tristan da cunha\">Tristan da cunha<\/option><option value=\"Tunisie\">Tunisie<\/option><option value=\"Turkmenistan\">Turkmenistan<\/option><option value=\"Turquie\">Turquie<\/option><option value=\"Ukraine\">Ukraine<\/option><option value=\"Uruguay\">Uruguay<\/option><option value=\"Vanuatu\">Vanuatu<\/option><option value=\"Vatican\">Vatican<\/option><option value=\"Venezuela\">Venezuela<\/option><option value=\"Vierges Americaines\">Vierges Americaines<\/option><option value=\"Vierges Britanniques\">Vierges Britanniques<\/option><option value=\"Vietnam\">Vietnam<\/option><option value=\"Wallis et Futuma\">Wallis et Futuma<\/option><option value=\"Yemen\">Yemen<\/option><option value=\"Yougoslavie\">Yougoslavie<\/option><option value=\"Zambie\">Zambie<\/option><option value=\"Zimbabwe\">Zimbabwe<\/option><\/select><\/span>\n\t\t<\/p>\n\t<\/div>\n\t<div class=\"textAreaHablamos\" style=\"float:left;width:100%;\">\n\t\t<p><span class=\"wpcf7-form-control-wrap\" data-name=\"textarea-613\"><textarea cols=\"40\" rows=\"10\" maxlength=\"2000\" class=\"wpcf7-form-control wpcf7-textarea wpcf7-validates-as-required\" aria-required=\"true\" aria-invalid=\"false\" placeholder=\"Dites-nous comment nous pouvons vous aider\" name=\"textarea-613\"><\/textarea><\/span>\n\t\t<\/p>\n\t<\/div>\n\t<div class=\"textFormPie\">\n\t\t<p>Les donn\u00e9es recueillies sur ce site seront trait\u00e9es par Smarmec pour r\u00e9pondre \u00e0 votre demande d'information, recevoir le catalogue demand\u00e9 ou des informations sur les produits qui vous int\u00e9ressent. Si vous souhaitez vous abonner \u00e0 nos lettres d'information et \u00e0 nos communications commerciales, nous pouvons vous tenir au courant des produits et services de Smarmec. Vous pouvez exercer vos droits en \u00e9crivant \u00e0 <a href='mailto:wec-comercial@wallair.es' style='text-decoration:underline'>wec-comercial@wallair.es<\/a>. Vous trouverez de plus amples informations sur vos droits et le traitement des donn\u00e9es personnelles dans la <a href='https:\/\/www.wallair.es\/fr\/mention-legale\/' style='text-decoration:underline'>Politique de confidentialit\u00e9<\/a>.\n\t\t<\/p>\n\t\t<ul>\n\t\t\t<li>\n\t\t\t\t<p><span class=\"wpcf7-form-control-wrap\" data-name=\"acepto-politica\"><span class=\"wpcf7-form-control wpcf7-checkbox wpcf7-validates-as-required invCheck\"><span class=\"wpcf7-list-item first last\"><input type=\"checkbox\" name=\"acepto-politica[]\" value=\"1\" \/><span class=\"wpcf7-list-item-label\">1<\/span><\/span><\/span><\/span><span class=\"texto\">J'ai lu et j'accepte les termes de la <a href='https:\/\/www.wallair.es\/fr\/mention-legale\/' style='text-decoration:underline'>Politique de confidentialit\u00e9<\/a>.<\/span>\n\t\t\t\t<\/p>\n\t\t\t<\/li>\n\t\t\t<li>\n\t\t\t\t<p><span class=\"wpcf7-form-control-wrap\" data-name=\"acepto-comunicacion\"><span class=\"wpcf7-form-control wpcf7-checkbox invCheck\"><span class=\"wpcf7-list-item first last\"><input type=\"checkbox\" name=\"acepto-comunicacion[]\" value=\"1\" \/><span class=\"wpcf7-list-item-label\">1<\/span><\/span><\/span><\/span><span class=\"texto\">Je souhaite recevoir des communications pour me tenir au courant des produits et services de WEC.<\/span>\n\t\t\t\t<\/p>\n\t\t\t<\/li>\n\t\t<\/ul>\n\t<\/div>\n\t<div style=\"float:right; padding-top:20px; padding-bottom:10px;\">\n\t\t<p><input class=\"wpcf7-form-control wpcf7-submit has-spinner\" type=\"submit\" value=\"Submit\" \/>\n\t\t<\/p>\n\t<\/div>\n<\/div><div class=\"wpcf7-response-output\" aria-hidden=\"true\"><\/div>\n<\/form>\n<\/div>\n<div class=\"dfd-spacer-module\"  data-units=\"px\" data-wide_resolution=\"1280\" data-wide_size=\"0\" data-normal_resolution=\"1024\" data-normal_size=\"0\" data-tablet_resolution=\"800\" data-tablet_size=\"20\" data-mobile_resolution=\"480\" data-mobile_size=\"20\" style=\"height: 0px;\"><\/div>[\/vc_column][\/vc_row][vc_row][vc_column]<div class=\"dfd-spacer-module\"  data-units=\"px\" data-wide_resolution=\"1280\" data-wide_size=\"60\" data-normal_resolution=\"1024\" data-normal_size=\"50\" data-tablet_resolution=\"800\" data-tablet_size=\"40\" data-mobile_resolution=\"480\" data-mobile_size=\"40\" style=\"height: 60px;\"><\/div>[\/vc_column][\/vc_row]<\/p>\n<\/div>","protected":false},"excerpt":{"rendered":"<p>[vc_row][vc_column][\/vc_column][\/vc_row][vc_row dfd_row_responsive_enable=\u00a0\u00bbdfd-row-responsive-enable\u00a0\u00bb responsive_styles=\u00a0\u00bbmargin_left_tablet:20|margin_right_tablet:20|margin_left_mobile:20|margin_right_mobile:20&Prime;][vc_column offset=\u00a0\u00bbvc_col-lg-offset-2 vc_col-lg-8 vc_col-md-offset-1 vc_col-md-9&Prime;][\/vc_column][\/vc_row][vc_row][vc_column][\/vc_column][\/vc_row]<\/p>\n","protected":false},"author":2,"featured_media":0,"parent":0,"menu_order":0,"comment_status":"closed","ping_status":"closed","template":"page-custom-with-header.php","meta":{"inline_featured_image":false,"footnotes":""},"class_list":["post-1332","page","type-page","status-publish","hentry"],"yoast_head":"<!-- This site is optimized with the Yoast SEO plugin v27.5 - https:\/\/yoast.com\/product\/yoast-seo-wordpress\/ -->\n<title>Contact - WEC<\/title>\n<meta name=\"robots\" content=\"index, follow, max-snippet:-1, max-image-preview:large, max-video-preview:-1\" \/>\n<link rel=\"canonical\" href=\"https:\/\/www.wallair.es\/fr\/contact\/\" \/>\n<meta property=\"og:locale\" content=\"fr_FR\" \/>\n<meta property=\"og:type\" content=\"article\" \/>\n<meta property=\"og:title\" content=\"Contact - WEC\" \/>\n<meta property=\"og:description\" content=\"[vc_row][vc_column][\/vc_column][\/vc_row][vc_row dfd_row_responsive_enable=\u00a0\u00bbdfd-row-responsive-enable\u00a0\u00bb responsive_styles=\u00a0\u00bbmargin_left_tablet:20|margin_right_tablet:20|margin_left_mobile:20|margin_right_mobile:20&Prime;][vc_column offset=\u00a0\u00bbvc_col-lg-offset-2 vc_col-lg-8 vc_col-md-offset-1 vc_col-md-9&Prime;][\/vc_column][\/vc_row][vc_row][vc_column][\/vc_column][\/vc_row]\" \/>\n<meta property=\"og:url\" content=\"https:\/\/www.wallair.es\/fr\/contact\/\" \/>\n<meta property=\"og:site_name\" content=\"WEC\" \/>\n<meta property=\"article:modified_time\" content=\"2022-05-23T12:54:23+00:00\" \/>\n<meta name=\"twitter:card\" content=\"summary_large_image\" \/>\n<meta name=\"twitter:label1\" content=\"Dur\u00e9e de lecture estim\u00e9e\" \/>\n\t<meta name=\"twitter:data1\" content=\"1 minute\" \/>\n<script type=\"application\/ld+json\" class=\"yoast-schema-graph\">{\"@context\":\"https:\\\/\\\/schema.org\",\"@graph\":[{\"@type\":\"WebPage\",\"@id\":\"https:\\\/\\\/www.wallair.es\\\/fr\\\/contact\\\/\",\"url\":\"https:\\\/\\\/www.wallair.es\\\/fr\\\/contact\\\/\",\"name\":\"Contact - WEC\",\"isPartOf\":{\"@id\":\"https:\\\/\\\/www.wallair.es\\\/fr\\\/#website\"},\"datePublished\":\"2021-12-07T13:22:19+00:00\",\"dateModified\":\"2022-05-23T12:54:23+00:00\",\"breadcrumb\":{\"@id\":\"https:\\\/\\\/www.wallair.es\\\/fr\\\/contact\\\/#breadcrumb\"},\"inLanguage\":\"fr-FR\",\"potentialAction\":[{\"@type\":\"ReadAction\",\"target\":[\"https:\\\/\\\/www.wallair.es\\\/fr\\\/contact\\\/\"]}]},{\"@type\":\"BreadcrumbList\",\"@id\":\"https:\\\/\\\/www.wallair.es\\\/fr\\\/contact\\\/#breadcrumb\",\"itemListElement\":[{\"@type\":\"ListItem\",\"position\":1,\"name\":\"Accueil\",\"item\":\"https:\\\/\\\/www.wallair.es\\\/fr\\\/\"},{\"@type\":\"ListItem\",\"position\":2,\"name\":\"Contact\"}]},{\"@type\":\"WebSite\",\"@id\":\"https:\\\/\\\/www.wallair.es\\\/fr\\\/#website\",\"url\":\"https:\\\/\\\/www.wallair.es\\\/fr\\\/\",\"name\":\"WEC\",\"description\":\"Our clients, our engine\",\"potentialAction\":[{\"@type\":\"SearchAction\",\"target\":{\"@type\":\"EntryPoint\",\"urlTemplate\":\"https:\\\/\\\/www.wallair.es\\\/fr\\\/?s={search_term_string}\"},\"query-input\":{\"@type\":\"PropertyValueSpecification\",\"valueRequired\":true,\"valueName\":\"search_term_string\"}}],\"inLanguage\":\"fr-FR\"}]}<\/script>\n<!-- \/ Yoast SEO plugin. -->","yoast_head_json":{"title":"Contact - WEC","robots":{"index":"index","follow":"follow","max-snippet":"max-snippet:-1","max-image-preview":"max-image-preview:large","max-video-preview":"max-video-preview:-1"},"canonical":"https:\/\/www.wallair.es\/fr\/contact\/","og_locale":"fr_FR","og_type":"article","og_title":"Contact - WEC","og_description":"[vc_row][vc_column][\/vc_column][\/vc_row][vc_row dfd_row_responsive_enable=\u00a0\u00bbdfd-row-responsive-enable\u00a0\u00bb responsive_styles=\u00a0\u00bbmargin_left_tablet:20|margin_right_tablet:20|margin_left_mobile:20|margin_right_mobile:20&Prime;][vc_column offset=\u00a0\u00bbvc_col-lg-offset-2 vc_col-lg-8 vc_col-md-offset-1 vc_col-md-9&Prime;][\/vc_column][\/vc_row][vc_row][vc_column][\/vc_column][\/vc_row]","og_url":"https:\/\/www.wallair.es\/fr\/contact\/","og_site_name":"WEC","article_modified_time":"2022-05-23T12:54:23+00:00","twitter_card":"summary_large_image","twitter_misc":{"Dur\u00e9e de lecture estim\u00e9e":"1 minute"},"schema":{"@context":"https:\/\/schema.org","@graph":[{"@type":"WebPage","@id":"https:\/\/www.wallair.es\/fr\/contact\/","url":"https:\/\/www.wallair.es\/fr\/contact\/","name":"Contact - WEC","isPartOf":{"@id":"https:\/\/www.wallair.es\/fr\/#website"},"datePublished":"2021-12-07T13:22:19+00:00","dateModified":"2022-05-23T12:54:23+00:00","breadcrumb":{"@id":"https:\/\/www.wallair.es\/fr\/contact\/#breadcrumb"},"inLanguage":"fr-FR","potentialAction":[{"@type":"ReadAction","target":["https:\/\/www.wallair.es\/fr\/contact\/"]}]},{"@type":"BreadcrumbList","@id":"https:\/\/www.wallair.es\/fr\/contact\/#breadcrumb","itemListElement":[{"@type":"ListItem","position":1,"name":"Accueil","item":"https:\/\/www.wallair.es\/fr\/"},{"@type":"ListItem","position":2,"name":"Contact"}]},{"@type":"WebSite","@id":"https:\/\/www.wallair.es\/fr\/#website","url":"https:\/\/www.wallair.es\/fr\/","name":"WEC","description":"Our clients, our engine","potentialAction":[{"@type":"SearchAction","target":{"@type":"EntryPoint","urlTemplate":"https:\/\/www.wallair.es\/fr\/?s={search_term_string}"},"query-input":{"@type":"PropertyValueSpecification","valueRequired":true,"valueName":"search_term_string"}}],"inLanguage":"fr-FR"}]}},"jetpack_sharing_enabled":true,"_links":{"self":[{"href":"https:\/\/www.wallair.es\/fr\/wp-json\/wp\/v2\/pages\/1332","targetHints":{"allow":["GET"]}}],"collection":[{"href":"https:\/\/www.wallair.es\/fr\/wp-json\/wp\/v2\/pages"}],"about":[{"href":"https:\/\/www.wallair.es\/fr\/wp-json\/wp\/v2\/types\/page"}],"author":[{"embeddable":true,"href":"https:\/\/www.wallair.es\/fr\/wp-json\/wp\/v2\/users\/2"}],"replies":[{"embeddable":true,"href":"https:\/\/www.wallair.es\/fr\/wp-json\/wp\/v2\/comments?post=1332"}],"version-history":[{"count":1,"href":"https:\/\/www.wallair.es\/fr\/wp-json\/wp\/v2\/pages\/1332\/revisions"}],"predecessor-version":[{"id":1333,"href":"https:\/\/www.wallair.es\/fr\/wp-json\/wp\/v2\/pages\/1332\/revisions\/1333"}],"wp:attachment":[{"href":"https:\/\/www.wallair.es\/fr\/wp-json\/wp\/v2\/media?parent=1332"}],"curies":[{"name":"wp","href":"https:\/\/api.w.org\/{rel}","templated":true}]}}